{"id":53489,"date":"2024-11-05T11:31:53","date_gmt":"2024-11-05T10:31:53","guid":{"rendered":"https:\/\/www.gehgassi.com\/de\/?page_id=53489"},"modified":"2024-11-05T11:31:53","modified_gmt":"2024-11-05T10:31:53","slug":"map-zuerich","status":"publish","type":"page","link":"https:\/\/www.gehgassi.com\/de\/map-zuerich\/","title":{"rendered":"Map Z\u00fcrich"},"content":{"rendered":"<section class=\"module module--map module--space-top-big module--space-bottom-medium\" data-name=\"map\">\n\t\n\t\t<div class=\"map container\" data-component='{ \"component\": \"map\" }' data-settings='{\"apiUrl\":\"https:\\\/\\\/www.gehgassi.com\\\/de\\\/api\\\/map-search\",\"center\":{\"lat\":47.3768866,\"lng\":8.541694},\"zoom\":11,\"maxZoom\":\"20\",\"presetCountry\":\"ch\",\"presetLocation\":\"Z\\u00fcrich\"}'>\n\t\t\t<div class=\"map__inner\">\n\t\t\t\t<h2 class=\"h2 map__headline mode--light\">Hundesitter finden in <span>Z\u00fcrich<\/span><br\/>\n<\/h2>\n\t\t\n\t\t\t\t<form class=\"map__form js-map__form\">\n\t\t\t\t\t\t\t\t\t\t\t<div class=\"map__form__item\">\n\t\t\t\t\t\t\t\n\t\t<div class=\"input-select map__form__item__inner\" data-component='{ \"component\": \"input-field\" }'>\n\t\t\t\t\t\t\t<label class=\"input-select__label\" for=\"input-select-69df2eda0686e\">Land<\/label>\n\t\t\t\t\t\t<div class=\"input-select__inner\">\n\t\t\t\t\t\t\t\t<select\n\t\t\t\t\tclass=\"input-select__input input-select__input--style--default input-select__input--size--default js-input-field__input is-always-filled   map__form__input js-map__input\"\n\t\t\t\t\tid=\"input-select-69df2eda0686e\"\n\t\t\t\t\tname=\"country\"\t\t\t\t\t\t\t\t\t\t\t\t\t\t>\n\t\t\t\t\t\t\t\t\t\t\t<option value=\"\" disabled selected>-W\u00e4hle-<\/option>\n\t\t\t\t\t\t\t\t\t\t\t<option value=\"at\"  >\u00d6sterreich<\/option>\n\t\t\t\t\t\t\t\t\t\t\t<option value=\"de\"  >Deutschland<\/option>\n\t\t\t\t\t\t\t\t\t\t\t<option value=\"ch\"  >Schweiz<\/option>\n\t\t\t\t\t\t\t\t\t<\/select>\n\t\t\t\t\t\t\t\t<div class='icon input-select__arrow'><svg><use xlink:href=\"https:\/\/www.gehgassi.com\/de\/wp-content\/themes\/gehgassi\/assets\/icons\/symbols.svg#icon-chevron-down\" \/><\/svg><\/div>\t\t\t<\/div>\n\t\t\t\t\t<\/div>\n\n\t\t\t\t\t\t\t\t<\/div>\n\t\t\t\t\t\t\t\t\t\t\t\t\t\t\t\t<div class=\"map__form__item\">\n\t\t\t\t\t\t\t\n\t\t<div class=\"input-text map__form__item__inner\" data-component='{ \"component\": \"input-field\" }'>\n\t\t\t\t\t\t\t<label class=\"input-text__label\" for=\"input-text-69df2eda0687d\">Postleitzahl oder Stadt<\/label>\n\t\t\t\t\t\t<div class=\"input-text__inner\">\n\t\t\t\t<input \n\t\t\t\t\tclass=\"input-text__input input-text__input--style--default input-text__input--size--default  js-input-field__input    map__form__input js-map__input\"\n\t\t\t\t\ttype=\"text\"\n\t\t\t\t\t\t\t\t\t\t\t\t\t\t\tid=\"input-text-69df2eda0687d\"\n\t\t\t\t\tname=\"search\"\t\t\t\t\tplaceholder=\"Gib deine PLZ oder Stadt ein\"\t\t\t\t\t\t\t\t\t>\n\t\t\t\t\t\t\t\t<div class='icon input-text__clear clear js-input-field__clear'><svg><use xlink:href=\"https:\/\/www.gehgassi.com\/de\/wp-content\/themes\/gehgassi\/assets\/icons\/symbols.svg#icon-close-circle\" \/><\/svg><\/div>\t\t\t<\/div>\n\t\t\t\t\t<\/div>\n\n\t\t\t\t\t\t\t\t<\/div>\n\t\t\t\t\t\t\t\t\t\t\t\t\t\t\t\t<div class=\"map__form__item\">\n\t\t\t\t\t\t\t\n\t\t<div class=\"input-select map__form__item__inner\" data-component='{ \"component\": \"input-field\" }'>\n\t\t\t\t\t\t\t<label class=\"input-select__label\" for=\"input-select-69df2eda06884\">Radius<\/label>\n\t\t\t\t\t\t<div class=\"input-select__inner\">\n\t\t\t\t\t\t\t\t<select\n\t\t\t\t\tclass=\"input-select__input input-select__input--style--default input-select__input--size--default js-input-field__input is-always-filled is-filled  map__form__input js-map__input\"\n\t\t\t\t\tid=\"input-select-69df2eda06884\"\n\t\t\t\t\tname=\"radius\"\t\t\t\t\t\t\t\t\t\t\t\t\t\t>\n\t\t\t\t\t\t\t\t\t\t\t<option value=\"5\"  selected>5km<\/option>\n\t\t\t\t\t\t\t\t\t\t\t<option value=\"10\"  selected>10km<\/option>\n\t\t\t\t\t\t\t\t\t\t\t<option value=\"20\"  >20km<\/option>\n\t\t\t\t\t\t\t\t\t\t\t<option value=\"100\"  >100km<\/option>\n\t\t\t\t\t\t\t\t\t<\/select>\n\t\t\t\t\t\t\t\t<div class='icon input-select__arrow'><svg><use xlink:href=\"https:\/\/www.gehgassi.com\/de\/wp-content\/themes\/gehgassi\/assets\/icons\/symbols.svg#icon-chevron-down\" \/><\/svg><\/div>\t\t\t<\/div>\n\t\t\t\t\t<\/div>\n\n\t\t\t\t\t\t\t\t<\/div>\n\t\t\t\t\t\t\t\t\t\t\t\t\t\t\t\t<div class=\"map__form__item map__form__item--button\">\n\t\t\t\t\t\t\t<button class=\"button button--style--primary button--size--default button--style--primary--light map__form__button js-map__submit\">\n\t<div class=\"button__inner\">\n\t\t\t\t\t\t\t\t\t<span class=\"button__label\">Betreuungsperson finden<\/span>\n\t\t\t<\/div>\n<\/button>\n\t\t\t\t\t\t\t\t<\/div>\n\t\t\t\t\t\t\t\t\t<\/form>\n\n\t\t\t\t<div class=\"map__message js-map__message copy-bold\"><\/div>\n\n\t\t\t\t<div class=\"map__main\">\n\t\t\t\t\t<div class=\"map__main__inner js-map__holder\"><\/div>\n\t\t\t\t<\/div>\n\t\t\t<\/div>\n\t\t<\/div>\n\n\t\t<\/section>\n\t\t\n\n<section class=\"module module--text module--space-medium\" data-name=\"text\">\n\t\n\t\t<div class=\"container\">\n\t\t\t<div class=\"text__wrapper \">\n\t\t\t\t<div class=\"text\">\n\t\t\t\t\t<h1 class=\"h2 grid--desktop text__headline mode--light\"><span>Verl\u00e4ssliche Hundebetreuung<\/span> f\u00fcr Zuhause und im Urlaub<\/h1>\n\t\t\t\t\t\t\t\t\t\t\t\t<div class=\"text__copy copy-l \"><p>Suchst du nach einem vertrauensw\u00fcrdigen Hundesitter in Z\u00fcrich? Mit gehgassi hast du die optimale Plattform, um eine private Hundebetreuung im Urlaub oder einen Hundesitter f\u00fcr zuhause schnell und einfach zu finden. Ob du eine Hundebetreuung f\u00fcr wichtige Termine, berufliche Reisen oder zur Entspannung ben\u00f6tigst \u2013 dein Hund ist bei uns in besten H\u00e4nden.<\/p>\n<p>\u00dcber gehgassi kannst du problemlos eine professionelle Hundebetreuung buchen, die perfekt auf die Bed\u00fcrfnisse deines Hundes abgestimmt ist. Unsere privaten Hundesitter k\u00fcmmern sich mit viel F\u00fcrsorge um deinen Vierbeiner \u2013 egal, ob es um lange Spazierg\u00e4nge, Spielen oder Kuscheln geht. Besonders praktisch: Wenn dein Hund ungern alleine bleibt, kannst du auch problemlos einen Hundesitter \u00fcber Nacht buchen, der sich liebevoll um deinen Hund k\u00fcmmert.<\/p>\n<p>Lade dir noch heute die gehgassi App herunter und finde im Handumdrehen den passenden Hundesitter f\u00fcr zuhause oder deinen n\u00e4chsten Urlaub \u2013 einfach und schnell in deiner N\u00e4he. Ein erstes Treffen mit dem Hundesitter kann unkompliziert organisiert werden, damit sich dein Hund von Anfang an wohlf\u00fchlt.<\/p>\n<p>Mit gehgassi hast du eine zuverl\u00e4ssige und sichere M\u00f6glichkeit, den idealen Hundesitter zu finden und deine Zeit sorglos zu genie\u00dfen, w\u00e4hrend dein Hund bestens betreut wird.<\/p>\n<\/div>\n\t\t\t\t\t\t\t\t\t<\/div>\n\t\t\t\t\t\t\t<\/div>\n\t\t<\/div>\n\n<\/section>\n\t\t\n\n<section class=\"module module--hero-text-image module--space-bottom-medium module--space-top-small\" data-name=\"hero-text-image\">\n\t\n\t\t<div class=\"hero-text-image hero-text-image--mode--light hero-text-image--variant--side-by-side container\">\n\t\t\t<div class=\"hero-text-image__content\">\n\t\t\t\t<h2 class=\"h3 hero-text-image__headline mode--light\">gehgassi \u2013 Deine erste Wahl f\u00fcr professionelle <span>Hundebetreuung in Z\u00fcrich!<\/span><br\/>\n<\/h2>\n\t\t\t\t\t\t\t\t\t<\/div>\n\t\t\t\t\t\t\t<div class=\"hero-text-image__visual\">\n\t\t\t\t\t\t\t<picture>\n\t\t\t\t\t\t\t<source data-srcset=\"https:\/\/www.gehgassi.com\/de\/wp-content\/uploads\/sites\/3\/bis-images\/53483\/zurich-1080x720.jpg\" media=\"--tablet\" \/>\n\t\t\t\t\t\t\t<source data-srcset=\"https:\/\/www.gehgassi.com\/de\/wp-content\/uploads\/sites\/3\/bis-images\/53483\/zurich-1920x1280.jpg\" media=\"--desktop\" \/>\n\t\t\t\t\t\t<img class=\"lazyload hero-text-image__visual__image\" data-sizes=\"auto\" data-srcset=\"https:\/\/www.gehgassi.com\/de\/wp-content\/uploads\/sites\/3\/bis-images\/53483\/zurich-1920x1280.jpg\" alt=\"Nahaufnahme von wei\u00dfem Hund\"\/>\n\t\t<\/picture>\n\t\t\t\t\t\t<\/div>\n\t\t\t\t\t<\/div>\n\n\t\t<\/section>\n\t\t","protected":false},"excerpt":{"rendered":"","protected":false},"author":1,"featured_media":0,"parent":0,"menu_order":0,"comment_status":"closed","ping_status":"closed","template":"","meta":{"_acf_changed":false,"inline_featured_image":false,"footnotes":""},"class_list":["post-53489","page","type-page","status-publish","hentry"],"acf":[],"_links":{"self":[{"href":"https:\/\/www.gehgassi.com\/de\/wp-json\/wp\/v2\/pages\/53489","targetHints":{"allow":["GET"]}}],"collection":[{"href":"https:\/\/www.gehgassi.com\/de\/wp-json\/wp\/v2\/pages"}],"about":[{"href":"https:\/\/www.gehgassi.com\/de\/wp-json\/wp\/v2\/types\/page"}],"author":[{"embeddable":true,"href":"https:\/\/www.gehgassi.com\/de\/wp-json\/wp\/v2\/users\/1"}],"replies":[{"embeddable":true,"href":"https:\/\/www.gehgassi.com\/de\/wp-json\/wp\/v2\/comments?post=53489"}],"version-history":[{"count":1,"href":"https:\/\/www.gehgassi.com\/de\/wp-json\/wp\/v2\/pages\/53489\/revisions"}],"predecessor-version":[{"id":53510,"href":"https:\/\/www.gehgassi.com\/de\/wp-json\/wp\/v2\/pages\/53489\/revisions\/53510"}],"wp:attachment":[{"href":"https:\/\/www.gehgassi.com\/de\/wp-json\/wp\/v2\/media?parent=53489"}],"curies":[{"name":"wp","href":"https:\/\/api.w.org\/{rel}","templated":true}]}}