{"id":53482,"date":"2024-11-05T11:31:02","date_gmt":"2024-11-05T10:31:02","guid":{"rendered":"https:\/\/www.gehgassi.com\/de\/?page_id=53482"},"modified":"2024-11-28T10:47:10","modified_gmt":"2024-11-28T09:47:10","slug":"map-berlin","status":"publish","type":"page","link":"https:\/\/www.gehgassi.com\/de\/map-berlin\/","title":{"rendered":"Map Berlin"},"content":{"rendered":"<section class=\"module module--map module--space-top-big module--space-bottom-medium\" data-name=\"map\">\n\t\n\t\t<div class=\"map container\" data-component='{ \"component\": \"map\" }' data-settings='{\"apiUrl\":\"https:\\\/\\\/www.gehgassi.com\\\/de\\\/api\\\/map-search\",\"center\":{\"lat\":47.0678961,\"lng\":15.4417305},\"zoom\":11,\"maxZoom\":\"20\",\"presetCountry\":\"de\",\"presetLocation\":\"Berlin\"}'>\n\t\t\t<div class=\"map__inner\">\n\t\t\t\t<h2 class=\"h2 map__headline mode--light\">Hundesitter finden in <span>Berlin<\/span><br\/>\n<\/h2>\n\t\t\n\t\t\t\t<form class=\"map__form js-map__form\">\n\t\t\t\t\t\t\t\t\t\t\t<div class=\"map__form__item\">\n\t\t\t\t\t\t\t\n\t\t<div class=\"input-select map__form__item__inner\" data-component='{ \"component\": \"input-field\" }'>\n\t\t\t\t\t\t\t<label class=\"input-select__label\" for=\"input-select-69ddf1b4559a4\">Land<\/label>\n\t\t\t\t\t\t<div class=\"input-select__inner\">\n\t\t\t\t\t\t\t\t<select\n\t\t\t\t\tclass=\"input-select__input input-select__input--style--default input-select__input--size--default js-input-field__input is-always-filled   map__form__input js-map__input\"\n\t\t\t\t\tid=\"input-select-69ddf1b4559a4\"\n\t\t\t\t\tname=\"country\"\t\t\t\t\t\t\t\t\t\t\t\t\t\t>\n\t\t\t\t\t\t\t\t\t\t\t<option value=\"\" disabled selected>-W\u00e4hle-<\/option>\n\t\t\t\t\t\t\t\t\t\t\t<option value=\"at\"  >\u00d6sterreich<\/option>\n\t\t\t\t\t\t\t\t\t\t\t<option value=\"de\"  >Deutschland<\/option>\n\t\t\t\t\t\t\t\t\t\t\t<option value=\"ch\"  >Schweiz<\/option>\n\t\t\t\t\t\t\t\t\t<\/select>\n\t\t\t\t\t\t\t\t<div class='icon input-select__arrow'><svg><use xlink:href=\"https:\/\/www.gehgassi.com\/de\/wp-content\/themes\/gehgassi\/assets\/icons\/symbols.svg#icon-chevron-down\" \/><\/svg><\/div>\t\t\t<\/div>\n\t\t\t\t\t<\/div>\n\n\t\t\t\t\t\t\t\t<\/div>\n\t\t\t\t\t\t\t\t\t\t\t\t\t\t\t\t<div class=\"map__form__item\">\n\t\t\t\t\t\t\t\n\t\t<div class=\"input-text map__form__item__inner\" data-component='{ \"component\": \"input-field\" }'>\n\t\t\t\t\t\t\t<label class=\"input-text__label\" for=\"input-text-69ddf1b4559b4\">Postleitzahl oder Stadt<\/label>\n\t\t\t\t\t\t<div class=\"input-text__inner\">\n\t\t\t\t<input \n\t\t\t\t\tclass=\"input-text__input input-text__input--style--default input-text__input--size--default  js-input-field__input    map__form__input js-map__input\"\n\t\t\t\t\ttype=\"text\"\n\t\t\t\t\t\t\t\t\t\t\t\t\t\t\tid=\"input-text-69ddf1b4559b4\"\n\t\t\t\t\tname=\"search\"\t\t\t\t\tplaceholder=\"Gib deine PLZ oder Stadt ein\"\t\t\t\t\t\t\t\t\t>\n\t\t\t\t\t\t\t\t<div class='icon input-text__clear clear js-input-field__clear'><svg><use xlink:href=\"https:\/\/www.gehgassi.com\/de\/wp-content\/themes\/gehgassi\/assets\/icons\/symbols.svg#icon-close-circle\" \/><\/svg><\/div>\t\t\t<\/div>\n\t\t\t\t\t<\/div>\n\n\t\t\t\t\t\t\t\t<\/div>\n\t\t\t\t\t\t\t\t\t\t\t\t\t\t\t\t<div class=\"map__form__item\">\n\t\t\t\t\t\t\t\n\t\t<div class=\"input-select map__form__item__inner\" data-component='{ \"component\": \"input-field\" }'>\n\t\t\t\t\t\t\t<label class=\"input-select__label\" for=\"input-select-69ddf1b4559bb\">Radius<\/label>\n\t\t\t\t\t\t<div class=\"input-select__inner\">\n\t\t\t\t\t\t\t\t<select\n\t\t\t\t\tclass=\"input-select__input input-select__input--style--default input-select__input--size--default js-input-field__input is-always-filled is-filled  map__form__input js-map__input\"\n\t\t\t\t\tid=\"input-select-69ddf1b4559bb\"\n\t\t\t\t\tname=\"radius\"\t\t\t\t\t\t\t\t\t\t\t\t\t\t>\n\t\t\t\t\t\t\t\t\t\t\t<option value=\"5\"  selected>5km<\/option>\n\t\t\t\t\t\t\t\t\t\t\t<option value=\"10\"  selected>10km<\/option>\n\t\t\t\t\t\t\t\t\t\t\t<option value=\"20\"  >20km<\/option>\n\t\t\t\t\t\t\t\t\t\t\t<option value=\"100\"  >100km<\/option>\n\t\t\t\t\t\t\t\t\t<\/select>\n\t\t\t\t\t\t\t\t<div class='icon input-select__arrow'><svg><use xlink:href=\"https:\/\/www.gehgassi.com\/de\/wp-content\/themes\/gehgassi\/assets\/icons\/symbols.svg#icon-chevron-down\" \/><\/svg><\/div>\t\t\t<\/div>\n\t\t\t\t\t<\/div>\n\n\t\t\t\t\t\t\t\t<\/div>\n\t\t\t\t\t\t\t\t\t\t\t\t\t\t\t\t<div class=\"map__form__item map__form__item--button\">\n\t\t\t\t\t\t\t<button class=\"button button--style--primary button--size--default button--style--primary--light map__form__button js-map__submit\">\n\t<div class=\"button__inner\">\n\t\t\t\t\t\t\t\t\t<span class=\"button__label\">Betreuungsperson finden<\/span>\n\t\t\t<\/div>\n<\/button>\n\t\t\t\t\t\t\t\t<\/div>\n\t\t\t\t\t\t\t\t\t<\/form>\n\n\t\t\t\t<div class=\"map__message js-map__message copy-bold\"><\/div>\n\n\t\t\t\t<div class=\"map__main\">\n\t\t\t\t\t<div class=\"map__main__inner js-map__holder\"><\/div>\n\t\t\t\t<\/div>\n\t\t\t<\/div>\n\t\t<\/div>\n\n\t\t<\/section>\n\t\t\n\n<section class=\"module module--text module--space-medium\" data-name=\"text\">\n\t\n\t\t<div class=\"container\">\n\t\t\t<div class=\"text__wrapper \">\n\t\t\t\t<div class=\"text\">\n\t\t\t\t\t<h1 class=\"h2 grid--desktop text__headline mode--light\"><span>Professionelle Hundebetreuung<\/span> f\u00fcr dein Zuhause und im Urlaub<\/h1>\n\t\t\t\t\t\t\t\t\t\t\t\t<div class=\"text__copy copy-l \"><p>Suchst du nach einem zuverl\u00e4ssigen Hundesitter in Berlin? Bei gehgassi bist du genau richtig, wenn es um den perfekten Hundesitter f\u00fcr zuhause oder die private Hundebetreuung im Urlaub geht. Egal, ob du beruflich unterwegs bist, wichtige Termine hast oder in den Urlaub f\u00e4hrst \u2013 dein Hund verdient die beste Betreuung.<\/p>\n<p>Mit gehgassi findest du professionelle Hundesitter, die sich liebevoll um deinen Vierbeiner k\u00fcmmern, ob es um Spazierg\u00e4nge, Spielen oder Kuscheln geht. Gerade wenn dein Hund nicht gerne alleine bleibt, ist unsere App die ideale L\u00f6sung. Du kannst sicherstellen, dass er immer in guten H\u00e4nden ist, egal ob f\u00fcr ein paar Stunden oder \u00fcber Nacht.<\/p>\n<p>Lade dir jetzt die gehgassi App herunter und finde den passenden Hundesitter f\u00fcr Urlaub oder Hundesitter \u00fcber Nacht in deiner N\u00e4he. Vereinbare ganz unkompliziert ein erstes Kennenlernen mit dem Hundesitter und stelle sicher, dass dein Hund gl\u00fccklich und entspannt bleibt.<\/p>\n<p>Mit der gehgassi App profitierst du von einer sicheren und bequemen M\u00f6glichkeit, eine professionelle Hundebetreuung zu finden, die genau auf die Bed\u00fcrfnisse deines Hundes abgestimmt ist. Buche deinen Hundesitter noch heute und genie\u00dfe die sorgenfreie Zeit, w\u00e4hrend dein Hund bestens betreut wird.<\/p>\n<\/div>\n\t\t\t\t\t\t\t\t\t<\/div>\n\t\t\t\t\t\t\t<\/div>\n\t\t<\/div>\n\n<\/section>\n\t\t\n\n<section class=\"module module--video module--space-medium\" data-name=\"video\">\n\t    <div class=\"video video--mode--light video--style--portrait   video--has-content-outside\" data-component='{\"component\": \"video-player\"}' data-settings='[]'>\n\t\t<div class=\"container\">\n\t\t\t<div class=\"video__inner  container__indent container__indent--large\">\n\t\t\t\t\t\t\t\t\t\t\t\t\t<div class=\"video__text  \">\n\t\t\t\t\t\t\t\t\t\t\t<h2 class=\"h4 video__text__headline video__text__headline--small-mobile mode--light\">Der perfekte Buddy f\u00fcr deinen Hund<\/h2>\n\t\t\t\t\t\t\t\t\t\t\t\t\t\t\t\t\t\t<div class=\"video__text__description copy\">Die Zeit mit deinem Hund ist oft das Highlight des Tages? Aber manchmal kommt das Leben dazwischen. Keine Sorge, gehgassi macht\u00b4s m\u00f6glich! Egal, ob dein Hund eine \u00dcbernachtungsparty, eine wilde Spielstunde oder einfach nur eine liebevolle Streicheleinheit und eine leckere Mahlzeit braucht \u2013 bei uns findest du mit wenigen Klicks Hundesitter, die deinem Fellfreund die Aufmerksamkeit schenken, die er verdient.<br\/>\n<\/div>\n\t\t\t\t\t\t\t\t\t\t\t\t\t\t\t\t\t\t\t\t\t\t\t\t<\/div>\n\t\t\t\t\t\t\t\t<div class=\"video__main\">\n\t\t\t\t\t<div class=\"video__cover js-video-player__cover\">\n\t\t\t\t\t\t\t\t\t\t\t\t\t<div class=\"video__cover__visual video__cover__visual--dimmed\">\n\t\t\t\t\t\t\t\t\t\t<picture>\n\t\t\t\t\t\t<img class=\"lazyload video__cover__visual__image\" data-sizes=\"auto\" data-srcset=\"https:\/\/www.gehgassi.com\/de\/wp-content\/uploads\/sites\/3\/bis-images\/53533\/gehgassi-owner-video-thumbnail-1980x9999.png 1000w\" alt=\"Video\"\/>\n\t\t<\/picture>\n\t\t\t\t\t\t\t\t\t<\/div>\n\t\t\t\t\t\t\t\t\t\t\t\t<div class=\"video__cover__content-holder \">\n\t\t\t\t\t\t\t<div class=\"video__cover__content\">\n\t\t\t\t\t\t\t\t<div class=\"video__play js-video-player__play\">\n\t\t\t\t\t\t\t\t\t<div class='icon video__play__icon'><svg xmlns=\"http:\/\/www.w3.org\/2000\/svg\" width=\"24\" height=\"24\" viewBox=\"0 0 24 24\" style=\"enable-background:new 0 0 24 24\" xml:space=\"preserve\"><path d=\"M5 22c-.2 0-.3 0-.5-.1-.3-.2-.5-.5-.5-.9V3c0-.4.2-.7.5-.9.3-.2.7-.2 1 0l14 9c.3.2.5.5.5.8s-.2.7-.5.8l-14 9c-.1.2-.3.3-.5.3zM6 4.8v14.3L17.2 12 6 4.8z\"\/><\/svg><\/div>\t\t\t\t\t\t\t\t<\/div>\n\t\t\t\t\t\t\t\t\t\t\t\t\t\t\t<\/div>\n\t\t\t\t\t\t<\/div>\n\t\t\t\t\t<\/div>\n\t\t\t\t\t<div class=\"video__media\">\n\t\t\t\t\t\t\t\t\t\t\t\t\t<video class=\"video__media__video js-video-player__video\" preload=\"none\" controls>\n\t\t\t\t\t\t\t\t\t\t\t\t\t\t\t\t\t<source src=\"https:\/\/www.gehgassi.com\/de\/wp-content\/uploads\/sites\/3\/2024\/11\/gehgassi-owner-video01-de-9x16-1.mp4\" type=\"video\/mp4\">\n\t\t\t\t\t\t\t\t\t\t\t\t\t\t\t<\/video>\n\t\t\t\t\t\t\t\t\t\t\t<\/div>\n\t\t\t\t<\/div>\n\t\t\t<\/div>\n\t\t<\/div>\n    <\/div>\n    <\/section>\n\t\t","protected":false},"excerpt":{"rendered":"","protected":false},"author":1,"featured_media":0,"parent":0,"menu_order":0,"comment_status":"closed","ping_status":"closed","template":"","meta":{"_acf_changed":false,"inline_featured_image":false,"footnotes":""},"class_list":["post-53482","page","type-page","status-publish","hentry"],"acf":[],"_links":{"self":[{"href":"https:\/\/www.gehgassi.com\/de\/wp-json\/wp\/v2\/pages\/53482","targetHints":{"allow":["GET"]}}],"collection":[{"href":"https:\/\/www.gehgassi.com\/de\/wp-json\/wp\/v2\/pages"}],"about":[{"href":"https:\/\/www.gehgassi.com\/de\/wp-json\/wp\/v2\/types\/page"}],"author":[{"embeddable":true,"href":"https:\/\/www.gehgassi.com\/de\/wp-json\/wp\/v2\/users\/1"}],"replies":[{"embeddable":true,"href":"https:\/\/www.gehgassi.com\/de\/wp-json\/wp\/v2\/comments?post=53482"}],"version-history":[{"count":3,"href":"https:\/\/www.gehgassi.com\/de\/wp-json\/wp\/v2\/pages\/53482\/revisions"}],"predecessor-version":[{"id":53549,"href":"https:\/\/www.gehgassi.com\/de\/wp-json\/wp\/v2\/pages\/53482\/revisions\/53549"}],"wp:attachment":[{"href":"https:\/\/www.gehgassi.com\/de\/wp-json\/wp\/v2\/media?parent=53482"}],"curies":[{"name":"wp","href":"https:\/\/api.w.org\/{rel}","templated":true}]}}