{"id":53453,"date":"2024-11-05T11:31:19","date_gmt":"2024-11-05T10:31:19","guid":{"rendered":"https:\/\/www.gehgassi.com\/de\/?page_id=53453"},"modified":"2024-11-05T11:33:43","modified_gmt":"2024-11-05T10:33:43","slug":"map-graz","status":"publish","type":"page","link":"https:\/\/www.gehgassi.com\/de\/map-graz\/","title":{"rendered":"Map Graz"},"content":{"rendered":"<section class=\"module module--map module--space-top-big module--space-bottom-medium\" data-name=\"map\">\n\t\n\t\t<div class=\"map container\" data-component='{ \"component\": \"map\" }' data-settings='{\"apiUrl\":\"https:\\\/\\\/www.gehgassi.com\\\/de\\\/api\\\/map-search\",\"center\":{\"lat\":47.0678961,\"lng\":15.4417305},\"zoom\":11,\"maxZoom\":\"20\",\"presetCountry\":\"at\",\"presetLocation\":\"Graz\"}'>\n\t\t\t<div class=\"map__inner\">\n\t\t\t\t<h2 class=\"h2 map__headline mode--light\">Hundesitter in <span>Graz<\/span> finden<br\/>\n<\/h2>\n\t\t\n\t\t\t\t<form class=\"map__form js-map__form\">\n\t\t\t\t\t\t\t\t\t\t\t<div class=\"map__form__item\">\n\t\t\t\t\t\t\t\n\t\t<div class=\"input-select map__form__item__inner\" data-component='{ \"component\": \"input-field\" }'>\n\t\t\t\t\t\t\t<label class=\"input-select__label\" for=\"input-select-69f5f0fee3f1b\">Land<\/label>\n\t\t\t\t\t\t<div class=\"input-select__inner\">\n\t\t\t\t\t\t\t\t<select\n\t\t\t\t\tclass=\"input-select__input input-select__input--style--default input-select__input--size--default js-input-field__input is-always-filled   map__form__input js-map__input\"\n\t\t\t\t\tid=\"input-select-69f5f0fee3f1b\"\n\t\t\t\t\tname=\"country\"\t\t\t\t\t\t\t\t\t\t\t\t\t\t>\n\t\t\t\t\t\t\t\t\t\t\t<option value=\"\" disabled selected>-W\u00e4hle-<\/option>\n\t\t\t\t\t\t\t\t\t\t\t<option value=\"at\"  >\u00d6sterreich<\/option>\n\t\t\t\t\t\t\t\t\t\t\t<option value=\"de\"  >Deutschland<\/option>\n\t\t\t\t\t\t\t\t\t\t\t<option value=\"ch\"  >Schweiz<\/option>\n\t\t\t\t\t\t\t\t\t<\/select>\n\t\t\t\t\t\t\t\t<div class='icon input-select__arrow'><svg><use xlink:href=\"https:\/\/www.gehgassi.com\/de\/wp-content\/themes\/gehgassi\/assets\/icons\/symbols.svg#icon-chevron-down\" \/><\/svg><\/div>\t\t\t<\/div>\n\t\t\t\t\t<\/div>\n\n\t\t\t\t\t\t\t\t<\/div>\n\t\t\t\t\t\t\t\t\t\t\t\t\t\t\t\t<div class=\"map__form__item\">\n\t\t\t\t\t\t\t\n\t\t<div class=\"input-text map__form__item__inner\" data-component='{ \"component\": \"input-field\" }'>\n\t\t\t\t\t\t\t<label class=\"input-text__label\" for=\"input-text-69f5f0fee3f2d\">Postleitzahl oder Stadt<\/label>\n\t\t\t\t\t\t<div class=\"input-text__inner\">\n\t\t\t\t<input \n\t\t\t\t\tclass=\"input-text__input input-text__input--style--default input-text__input--size--default  js-input-field__input    map__form__input js-map__input\"\n\t\t\t\t\ttype=\"text\"\n\t\t\t\t\t\t\t\t\t\t\t\t\t\t\tid=\"input-text-69f5f0fee3f2d\"\n\t\t\t\t\tname=\"search\"\t\t\t\t\tplaceholder=\"Gib deine PLZ oder Stadt ein\"\t\t\t\t\t\t\t\t\t>\n\t\t\t\t\t\t\t\t<div class='icon input-text__clear clear js-input-field__clear'><svg><use xlink:href=\"https:\/\/www.gehgassi.com\/de\/wp-content\/themes\/gehgassi\/assets\/icons\/symbols.svg#icon-close-circle\" \/><\/svg><\/div>\t\t\t<\/div>\n\t\t\t\t\t<\/div>\n\n\t\t\t\t\t\t\t\t<\/div>\n\t\t\t\t\t\t\t\t\t\t\t\t\t\t\t\t<div class=\"map__form__item\">\n\t\t\t\t\t\t\t\n\t\t<div class=\"input-select map__form__item__inner\" data-component='{ \"component\": \"input-field\" }'>\n\t\t\t\t\t\t\t<label class=\"input-select__label\" for=\"input-select-69f5f0fee3f34\">Radius<\/label>\n\t\t\t\t\t\t<div class=\"input-select__inner\">\n\t\t\t\t\t\t\t\t<select\n\t\t\t\t\tclass=\"input-select__input input-select__input--style--default input-select__input--size--default js-input-field__input is-always-filled is-filled  map__form__input js-map__input\"\n\t\t\t\t\tid=\"input-select-69f5f0fee3f34\"\n\t\t\t\t\tname=\"radius\"\t\t\t\t\t\t\t\t\t\t\t\t\t\t>\n\t\t\t\t\t\t\t\t\t\t\t<option value=\"5\"  selected>5km<\/option>\n\t\t\t\t\t\t\t\t\t\t\t<option value=\"10\"  selected>10km<\/option>\n\t\t\t\t\t\t\t\t\t\t\t<option value=\"20\"  >20km<\/option>\n\t\t\t\t\t\t\t\t\t\t\t<option value=\"100\"  >100km<\/option>\n\t\t\t\t\t\t\t\t\t<\/select>\n\t\t\t\t\t\t\t\t<div class='icon input-select__arrow'><svg><use xlink:href=\"https:\/\/www.gehgassi.com\/de\/wp-content\/themes\/gehgassi\/assets\/icons\/symbols.svg#icon-chevron-down\" \/><\/svg><\/div>\t\t\t<\/div>\n\t\t\t\t\t<\/div>\n\n\t\t\t\t\t\t\t\t<\/div>\n\t\t\t\t\t\t\t\t\t\t\t\t\t\t\t\t<div class=\"map__form__item map__form__item--button\">\n\t\t\t\t\t\t\t<button class=\"button button--style--primary button--size--default button--style--primary--light map__form__button js-map__submit\">\n\t<div class=\"button__inner\">\n\t\t\t\t\t\t\t\t\t<span class=\"button__label\">Betreuungsperson finden<\/span>\n\t\t\t<\/div>\n<\/button>\n\t\t\t\t\t\t\t\t<\/div>\n\t\t\t\t\t\t\t\t\t<\/form>\n\n\t\t\t\t<div class=\"map__message js-map__message copy-bold\"><\/div>\n\n\t\t\t\t<div class=\"map__main\">\n\t\t\t\t\t<div class=\"map__main__inner js-map__holder\"><\/div>\n\t\t\t\t<\/div>\n\t\t\t<\/div>\n\t\t<\/div>\n\n\t\t<\/section>\n\t\t\n\n<section class=\"module module--text module--space-medium\" data-name=\"text\">\n\t\n\t\t<div class=\"container\">\n\t\t\t<div class=\"text__wrapper \">\n\t\t\t\t<div class=\"text\">\n\t\t\t\t\t<h1 class=\"h2 grid--desktop text__headline mode--light\"><span>Zuverl\u00e4ssige und professionelle Hundebetreuung<\/span> f\u00fcr zuhause und im Urlaub<\/h1>\n\t\t\t\t\t\t\t\t\t\t\t\t<div class=\"text__copy copy-l \"><p>Suchst du einen verl\u00e4sslichen Hundesitter f\u00fcr zuhause in Graz oder eine private Hundebetreuung im Urlaub? Ob du einen Hundesitter f\u00fcr wichtige Termine, berufliche Reisen oder einfach zur Entspannung suchst \u2013 dein Hund ist bei gehgassi in besten H\u00e4nden.<\/p>\n<p>gehgassi erm\u00f6glicht dir die einfache und schnelle Buchung professioneller Hundebetreuung, die individuell auf die Bed\u00fcrfnisse deines Hundes abgestimmt ist. Unsere privaten Hundesitter k\u00fcmmern sich liebevoll um deinen Vierbeiner \u2013 egal, ob es um lange Spazierg\u00e4nge, Spielzeiten oder gem\u00fctliches Kuscheln geht. Besonders praktisch ist unser Service, wenn dein Hund ungern allein bleibt. Du kannst problemlos einen Hundesitter \u00fcber Nacht buchen und sicherstellen, dass dein Hund bestens versorgt ist.<br \/>\nist.<\/p>\n<p>Lade jetzt die gehgassi App herunter und finde den passenden Hundesitter f\u00fcr zuhause oder den perfekten Hundesitter f\u00fcr den Urlaub. Ein erstes Kennenlernen mit dem Hundesitter l\u00e4sst sich unkompliziert arrangieren, sodass dein Hund sich direkt wohlf\u00fchlen kann.<\/p>\n<p>Mit gehgassi hast du eine sichere und bequeme M\u00f6glichkeit, professionelle Hundebetreuung zu finden. Buche deinen Hundesitter noch heute um deine Zeit sorgenfrei zu genie\u00dfen, w\u00e4hrend dein Hund professionell betreut wird.<\/p>\n<\/div>\n\t\t\t\t\t\t\t\t\t<\/div>\n\t\t\t\t\t\t\t<\/div>\n\t\t<\/div>\n\n<\/section>\n\t\t\n\n<section class=\"module module--hero-text-image module--space-bottom-medium module--space-top-small\" data-name=\"hero-text-image\">\n\t\n\t\t<div class=\"hero-text-image hero-text-image--mode--light hero-text-image--variant--side-by-side container\">\n\t\t\t<div class=\"hero-text-image__content\">\n\t\t\t\t<h2 class=\"h3 hero-text-image__headline mode--light\">gehgassi \u2013 Deine erste Wahl f\u00fcr zuverl\u00e4ssige und professionelle <span>Hundesitter in Graz!<\/span><br\/>\n<\/h2>\n\t\t\t\t\t\t\t\t\t<\/div>\n\t\t\t\t\t\t\t<div class=\"hero-text-image__visual\">\n\t\t\t\t\t\t\t<picture>\n\t\t\t\t\t\t\t<source data-srcset=\"https:\/\/www.gehgassi.com\/de\/wp-content\/uploads\/sites\/3\/bis-images\/53450\/graz-e1730208417208-1080x989.jpg\" media=\"--tablet\" \/>\n\t\t\t\t\t\t\t<source data-srcset=\"https:\/\/www.gehgassi.com\/de\/wp-content\/uploads\/sites\/3\/bis-images\/53450\/graz-e1730208417208-1920x1758.jpg\" media=\"--desktop\" \/>\n\t\t\t\t\t\t<img class=\"lazyload hero-text-image__visual__image\" data-sizes=\"auto\" data-srcset=\"https:\/\/www.gehgassi.com\/de\/wp-content\/uploads\/sites\/3\/bis-images\/53450\/graz-e1730208417208-1920x1758.jpg\" alt=\"Hund sitzt am Boden\"\/>\n\t\t<\/picture>\n\t\t\t\t\t\t<\/div>\n\t\t\t\t\t<\/div>\n\n\t\t<\/section>\n\t\t","protected":false},"excerpt":{"rendered":"","protected":false},"author":1,"featured_media":0,"parent":0,"menu_order":0,"comment_status":"closed","ping_status":"closed","template":"","meta":{"_acf_changed":false,"inline_featured_image":false,"footnotes":""},"class_list":["post-53453","page","type-page","status-publish","hentry"],"acf":[],"_links":{"self":[{"href":"https:\/\/www.gehgassi.com\/de\/wp-json\/wp\/v2\/pages\/53453","targetHints":{"allow":["GET"]}}],"collection":[{"href":"https:\/\/www.gehgassi.com\/de\/wp-json\/wp\/v2\/pages"}],"about":[{"href":"https:\/\/www.gehgassi.com\/de\/wp-json\/wp\/v2\/types\/page"}],"author":[{"embeddable":true,"href":"https:\/\/www.gehgassi.com\/de\/wp-json\/wp\/v2\/users\/1"}],"replies":[{"embeddable":true,"href":"https:\/\/www.gehgassi.com\/de\/wp-json\/wp\/v2\/comments?post=53453"}],"version-history":[{"count":3,"href":"https:\/\/www.gehgassi.com\/de\/wp-json\/wp\/v2\/pages\/53453\/revisions"}],"predecessor-version":[{"id":53502,"href":"https:\/\/www.gehgassi.com\/de\/wp-json\/wp\/v2\/pages\/53453\/revisions\/53502"}],"wp:attachment":[{"href":"https:\/\/www.gehgassi.com\/de\/wp-json\/wp\/v2\/media?parent=53453"}],"curies":[{"name":"wp","href":"https:\/\/api.w.org\/{rel}","templated":true}]}}