{"id":53360,"date":"2024-09-16T12:34:33","date_gmt":"2024-09-16T12:34:33","guid":{"rendered":"https:\/\/www.gehgassi.com\/de\/?page_id=53360"},"modified":"2024-09-30T10:15:39","modified_gmt":"2024-09-30T08:15:39","slug":"impressum","status":"publish","type":"page","link":"https:\/\/www.gehgassi.com\/de\/impressum\/","title":{"rendered":"Impressum"},"content":{"rendered":"<section class=\"module module--text module--space-medium\" data-name=\"text\">\n\t\n\t\t<div class=\"container\">\n\t\t\t<div class=\"text__wrapper \">\n\t\t\t\t<div class=\"text\">\n\t\t\t\t\t\t\t\t\t\t\t\t\t\t\t<div class=\"text__copy copy-l \"><div class=\"mt-4 page-content\">\r\n    <h1 class=\"h3\"><span>IMPRESSUM<\/span><\/h1><p>Informationspflichten nach \u00a7 5 Abs. 1 des \u00f6sterreichischen eCommerce-Gesetz (ECG) und \u00a7 24 Mediengesetz<\/p><h4>Diensteanbieterin und Medieninhaberin:<\/h4><div><br><\/div><h2 class=\"h5\"><strong>gehgassi GmbH<\/strong><\/h2><p><br><\/p><h4>Kontakt:<\/h4><div><br><\/div><p>Hiltenwiesen 13<\/p><p>5163 Palting<\/p><p>\u00d6sterreich<\/p><p>Telefonnummer: +43 (0) 660 102 17 78<\/p><p>E-Mail: office@gehgassi.com<\/p><p><br><\/p><p><strong>Gesch\u00e4ftsf\u00fchrer: <\/strong>Sophie Zimmermann, MAS; Kilian Wirl<\/p><p><strong>Firmenbuchnummer:<\/strong> FN 580181h<\/p><p><strong>Firmenbuchgericht:<\/strong> Landesgericht Ried im Innkreis<\/p><p><strong>UID-Nummer: <\/strong>ATU78288078<\/p><p><strong>Aufsichtsbeh\u00f6rde: <\/strong>Bezirkshauptmannschaft Braunau am Inn<\/p><p><strong>Kammer:<\/strong> Wirtschaftskammer Ober\u00f6sterreich<\/p><p><strong>Unternehmensgegenstand: <\/strong>Online-Vermittlungs- und Werbeplattform; Ank\u00fcndigungsunternehmen<\/p><p><br><\/p><h4>INFORMATIONEN ZUR ONLINE-STREITBEILEGUNG GEM\u00c4SS Art. 14 Abs. 1 ODR-VO:<\/h4><div><br><\/div><p>Die Europ\u00e4ische Kommission stellt eine Plattform f\u00fcr die au\u00dfergerichtliche Online-Streitbeilegung (OS-Plattform) bereit: <a classname=\"e-rte-anchor\" href=\"http:\/\/ec.europa.eu\/odr.\" title=\"http:\/\/ec.europa.eu\/odr.\" target=\"_blank\">http:\/\/ec.europa.eu\/odr. <\/a><\/p><p>Das Gesetz findet Anwendung f\u00fcr entgeltliche Vertr\u00e4ge \u00fcber Waren und Dienstleistungen mit Verbrauchern.<\/p><p>Die gehgassi GmbH ist zur Teilnahme an einem Streitbeilegungsverfahren vor einer Verbraucherschlichtungsstelle weder verpflichtet noch bereit.<\/p><p><br><\/p><h4>RECHTLICHE HINWEISE ZUR WEBSEITE:<\/h4><div><br><\/div><p>S\u00e4mtliche Texte, Lichtbilder und andere auf dieser Webseite ver\u00f6ffentlichten Informationen unterliegen dem Urheberrecht der Seitenbetreiberin, soweit nicht Urheberrechte Dritter bestehen. Eine Vervielf\u00e4ltigung, Verbreitung oder \u00f6ffentliche Wiedergabe ist ausschlie\u00dflich nur im Falle einer widerruflichen und nicht \u00fcbertragbaren Zustimmung der Seitenbetreiberin gestattet.<\/p><p>F\u00fcr s\u00e4mtliche anhand von direkten oder indirekten Links verbundene Webinhalte \u00fcbernimmt die Seitenbetreiberin, sofern es sich nicht um eigene Inhalte handelt, keine Verantwortung. F\u00fcr den Inhalt der verlinkten Webseiten ist ausschlie\u00dflich dessen Betreiber verantwortlich. Die Seitenbetreiber best\u00e4tigen, dass zum Zeitpunkt der Verlinkung die Webseiten frei von illegalen Inhalten waren, eine dar\u00fcberhinausgehende Pr\u00fcf- und \u00dcberwachungspflicht trifft die Seitenbetreiberin nicht. Sofern der Seitenbetreiberin eine Rechtsverletzung bekannt wird, wird der entsprechende Link umgehend gel\u00f6scht.<\/p>\r\n<\/div><\/div>\n\t\t\t\t\t\t\t\t\t<\/div>\n\t\t\t\t\t\t\t<\/div>\n\t\t<\/div>\n\n<\/section>\n\t\t","protected":false},"excerpt":{"rendered":"","protected":false},"author":1,"featured_media":0,"parent":0,"menu_order":0,"comment_status":"closed","ping_status":"closed","template":"","meta":{"_acf_changed":false,"inline_featured_image":false,"footnotes":""},"class_list":["post-53360","page","type-page","status-publish","hentry"],"acf":[],"_links":{"self":[{"href":"https:\/\/www.gehgassi.com\/de\/wp-json\/wp\/v2\/pages\/53360","targetHints":{"allow":["GET"]}}],"collection":[{"href":"https:\/\/www.gehgassi.com\/de\/wp-json\/wp\/v2\/pages"}],"about":[{"href":"https:\/\/www.gehgassi.com\/de\/wp-json\/wp\/v2\/types\/page"}],"author":[{"embeddable":true,"href":"https:\/\/www.gehgassi.com\/de\/wp-json\/wp\/v2\/users\/1"}],"replies":[{"embeddable":true,"href":"https:\/\/www.gehgassi.com\/de\/wp-json\/wp\/v2\/comments?post=53360"}],"version-history":[{"count":1,"href":"https:\/\/www.gehgassi.com\/de\/wp-json\/wp\/v2\/pages\/53360\/revisions"}],"predecessor-version":[{"id":53361,"href":"https:\/\/www.gehgassi.com\/de\/wp-json\/wp\/v2\/pages\/53360\/revisions\/53361"}],"wp:attachment":[{"href":"https:\/\/www.gehgassi.com\/de\/wp-json\/wp\/v2\/media?parent=53360"}],"curies":[{"name":"wp","href":"https:\/\/api.w.org\/{rel}","templated":true}]}}