{"id":53301,"date":"2024-09-13T11:48:59","date_gmt":"2024-09-13T11:48:59","guid":{"rendered":"https:\/\/www.gehgassi.com\/de\/?page_id=53301"},"modified":"2024-11-05T11:33:18","modified_gmt":"2024-11-05T10:33:18","slug":"map-wien","status":"publish","type":"page","link":"https:\/\/www.gehgassi.com\/de\/map-wien\/","title":{"rendered":"Map Wien"},"content":{"rendered":"<section class=\"module module--map module--space-top-big module--space-bottom-medium\" data-name=\"map\">\n\t\n\t\t<div class=\"map container\" data-component='{ \"component\": \"map\" }' data-settings='{\"apiUrl\":\"https:\\\/\\\/www.gehgassi.com\\\/de\\\/api\\\/map-search\",\"center\":{\"lat\":48.20806959999999,\"lng\":16.3713095},\"zoom\":11,\"maxZoom\":\"20\",\"presetCountry\":\"at\",\"presetLocation\":\"Wien\"}'>\n\t\t\t<div class=\"map__inner\">\n\t\t\t\t<h2 class=\"h2 map__headline mode--light\">Hundesitter finden in <span>Wien<\/span><br\/>\n<\/h2>\n\t\t\n\t\t\t\t<form class=\"map__form js-map__form\">\n\t\t\t\t\t\t\t\t\t\t\t<div class=\"map__form__item\">\n\t\t\t\t\t\t\t\n\t\t<div class=\"input-select map__form__item__inner\" data-component='{ \"component\": \"input-field\" }'>\n\t\t\t\t\t\t\t<label class=\"input-select__label\" for=\"input-select-69f2f813a3f76\">Land<\/label>\n\t\t\t\t\t\t<div class=\"input-select__inner\">\n\t\t\t\t\t\t\t\t<select\n\t\t\t\t\tclass=\"input-select__input input-select__input--style--default input-select__input--size--default js-input-field__input is-always-filled   map__form__input js-map__input\"\n\t\t\t\t\tid=\"input-select-69f2f813a3f76\"\n\t\t\t\t\tname=\"country\"\t\t\t\t\t\t\t\t\t\t\t\t\t\t>\n\t\t\t\t\t\t\t\t\t\t\t<option value=\"\" disabled selected>-W\u00e4hle-<\/option>\n\t\t\t\t\t\t\t\t\t\t\t<option value=\"at\"  >\u00d6sterreich<\/option>\n\t\t\t\t\t\t\t\t\t\t\t<option value=\"de\"  >Deutschland<\/option>\n\t\t\t\t\t\t\t\t\t\t\t<option value=\"ch\"  >Schweiz<\/option>\n\t\t\t\t\t\t\t\t\t<\/select>\n\t\t\t\t\t\t\t\t<div class='icon input-select__arrow'><svg><use xlink:href=\"https:\/\/www.gehgassi.com\/de\/wp-content\/themes\/gehgassi\/assets\/icons\/symbols.svg#icon-chevron-down\" \/><\/svg><\/div>\t\t\t<\/div>\n\t\t\t\t\t<\/div>\n\n\t\t\t\t\t\t\t\t<\/div>\n\t\t\t\t\t\t\t\t\t\t\t\t\t\t\t\t<div class=\"map__form__item\">\n\t\t\t\t\t\t\t\n\t\t<div class=\"input-text map__form__item__inner\" data-component='{ \"component\": \"input-field\" }'>\n\t\t\t\t\t\t\t<label class=\"input-text__label\" for=\"input-text-69f2f813a3f8c\">Postleitzahl oder Stadt<\/label>\n\t\t\t\t\t\t<div class=\"input-text__inner\">\n\t\t\t\t<input \n\t\t\t\t\tclass=\"input-text__input input-text__input--style--default input-text__input--size--default  js-input-field__input    map__form__input js-map__input\"\n\t\t\t\t\ttype=\"text\"\n\t\t\t\t\t\t\t\t\t\t\t\t\t\t\tid=\"input-text-69f2f813a3f8c\"\n\t\t\t\t\tname=\"search\"\t\t\t\t\tplaceholder=\"Gib deine PLZ oder Stadt ein\"\t\t\t\t\t\t\t\t\t>\n\t\t\t\t\t\t\t\t<div class='icon input-text__clear clear js-input-field__clear'><svg><use xlink:href=\"https:\/\/www.gehgassi.com\/de\/wp-content\/themes\/gehgassi\/assets\/icons\/symbols.svg#icon-close-circle\" \/><\/svg><\/div>\t\t\t<\/div>\n\t\t\t\t\t<\/div>\n\n\t\t\t\t\t\t\t\t<\/div>\n\t\t\t\t\t\t\t\t\t\t\t\t\t\t\t\t<div class=\"map__form__item\">\n\t\t\t\t\t\t\t\n\t\t<div class=\"input-select map__form__item__inner\" data-component='{ \"component\": \"input-field\" }'>\n\t\t\t\t\t\t\t<label class=\"input-select__label\" for=\"input-select-69f2f813a3f96\">Radius<\/label>\n\t\t\t\t\t\t<div class=\"input-select__inner\">\n\t\t\t\t\t\t\t\t<select\n\t\t\t\t\tclass=\"input-select__input input-select__input--style--default input-select__input--size--default js-input-field__input is-always-filled is-filled  map__form__input js-map__input\"\n\t\t\t\t\tid=\"input-select-69f2f813a3f96\"\n\t\t\t\t\tname=\"radius\"\t\t\t\t\t\t\t\t\t\t\t\t\t\t>\n\t\t\t\t\t\t\t\t\t\t\t<option value=\"5\"  selected>5km<\/option>\n\t\t\t\t\t\t\t\t\t\t\t<option value=\"10\"  selected>10km<\/option>\n\t\t\t\t\t\t\t\t\t\t\t<option value=\"20\"  >20km<\/option>\n\t\t\t\t\t\t\t\t\t\t\t<option value=\"100\"  >100km<\/option>\n\t\t\t\t\t\t\t\t\t<\/select>\n\t\t\t\t\t\t\t\t<div class='icon input-select__arrow'><svg><use xlink:href=\"https:\/\/www.gehgassi.com\/de\/wp-content\/themes\/gehgassi\/assets\/icons\/symbols.svg#icon-chevron-down\" \/><\/svg><\/div>\t\t\t<\/div>\n\t\t\t\t\t<\/div>\n\n\t\t\t\t\t\t\t\t<\/div>\n\t\t\t\t\t\t\t\t\t\t\t\t\t\t\t\t<div class=\"map__form__item map__form__item--button\">\n\t\t\t\t\t\t\t<button class=\"button button--style--primary button--size--default button--style--primary--light map__form__button js-map__submit\">\n\t<div class=\"button__inner\">\n\t\t\t\t\t\t\t\t\t<span class=\"button__label\">Betreuungsperson finden<\/span>\n\t\t\t<\/div>\n<\/button>\n\t\t\t\t\t\t\t\t<\/div>\n\t\t\t\t\t\t\t\t\t<\/form>\n\n\t\t\t\t<div class=\"map__message js-map__message copy-bold\"><\/div>\n\n\t\t\t\t<div class=\"map__main\">\n\t\t\t\t\t<div class=\"map__main__inner js-map__holder\"><\/div>\n\t\t\t\t<\/div>\n\t\t\t<\/div>\n\t\t<\/div>\n\n\t\t<\/section>\n\t\t\n\n<section class=\"module module--text module--space-medium\" data-name=\"text\">\n\t\n\t\t<div class=\"container\">\n\t\t\t<div class=\"text__wrapper \">\n\t\t\t\t<div class=\"text\">\n\t\t\t\t\t<h1 class=\"h2 grid--desktop text__headline mode--light\"><span>Professionelle Hundebetreuung<\/span> f\u00fcr dein Zuhause und im Urlaub<\/h1>\n\t\t\t\t\t\t\t\t\t\t\t\t<div class=\"text__copy copy-l \"><p>Bist du auf der Suche nach einem zuverl\u00e4ssigen Hundesitter f\u00fcr zuhause oder einer privaten Hundebetreuung im Urlaub, in Wien? Bei gehgassi findest du die perfekte L\u00f6sung, egal ob du beruflich unterwegs bist, wichtige Termine hast oder einen Hundesitter f\u00fcr den Urlaub suchst \u2013 dein Hund verdient die beste Betreuung.<\/p>\n<p>Mit gehgassi kannst du schnell und einfach professionelle Hundebetreuung finden, die genau auf die Bed\u00fcrfnisse deines Hundes zugeschnitten ist. Unsere Hundesitter k\u00fcmmern sich liebevoll um deinen Vierbeiner, ob bei Spazierg\u00e4ngen, Spielzeiten oder Kuschelmomenten. Und falls dein Hund nicht gerne alleine bleibt, bieten wir auch Hundesitter \u00fcber Nacht an, die ihn rund um die Uhr betreuen.<\/p>\n<p>Lade dir jetzt die gehgassi App herunter und finde einen passenden Hundesitter f\u00fcr zuhause oder den idealen Hundesitter f\u00fcr den Urlaub. Ein erstes Kennenlernen l\u00e4sst sich unkompliziert organisieren, damit dein Hund sich von Anfang an wohlf\u00fchlt und du sorgenfrei unterwegs sein kannst.<\/p>\n<p>Mit gehgassi hast du eine einfache und sichere M\u00f6glichkeit, professionelle Hundebetreuung zu buchen. Finde deinen Hundesitter noch heute und genie\u00dfe deine Auszeit, w\u00e4hrend dein Hund in besten H\u00e4nden ist.<\/p>\n<\/div>\n\t\t\t\t\t\t\t\t\t<\/div>\n\t\t\t\t\t\t\t<\/div>\n\t\t<\/div>\n\n<\/section>\n\t\t\n\n<section class=\"module module--hero-text-image module--space-bottom-medium module--space-top-small\" data-name=\"hero-text-image\">\n\t\n\t\t<div class=\"hero-text-image hero-text-image--mode--light hero-text-image--variant--side-by-side container\">\n\t\t\t<div class=\"hero-text-image__content\">\n\t\t\t\t<h2 class=\"h3 hero-text-image__headline mode--light\">gehgassi \u2013 Deine erste Wahl f\u00fcr zuverl\u00e4ssige <span>Hundesitter in Wien!<\/span><br\/>\n<\/h2>\n\t\t\t\t\t\t\t\t\t<\/div>\n\t\t\t\t\t\t\t<div class=\"hero-text-image__visual\">\n\t\t\t\t\t\t\t<picture>\n\t\t\t\t\t\t\t<source data-srcset=\"https:\/\/www.gehgassi.com\/de\/wp-content\/uploads\/sites\/3\/bis-images\/53429\/vienna-1080x720.jpg\" media=\"--tablet\" \/>\n\t\t\t\t\t\t\t<source data-srcset=\"https:\/\/www.gehgassi.com\/de\/wp-content\/uploads\/sites\/3\/bis-images\/53429\/vienna-1920x1280.jpg\" media=\"--desktop\" \/>\n\t\t\t\t\t\t<img class=\"lazyload hero-text-image__visual__image\" data-sizes=\"auto\" data-srcset=\"https:\/\/www.gehgassi.com\/de\/wp-content\/uploads\/sites\/3\/bis-images\/53429\/vienna-1920x1280.jpg\" alt=\"Hund, der Ball jagt\"\/>\n\t\t<\/picture>\n\t\t\t\t\t\t<\/div>\n\t\t\t\t\t<\/div>\n\n\t\t<\/section>\n\t\t","protected":false},"excerpt":{"rendered":"","protected":false},"author":1,"featured_media":0,"parent":0,"menu_order":0,"comment_status":"closed","ping_status":"closed","template":"","meta":{"_acf_changed":false,"inline_featured_image":false,"footnotes":""},"class_list":["post-53301","page","type-page","status-publish","hentry"],"acf":[],"_links":{"self":[{"href":"https:\/\/www.gehgassi.com\/de\/wp-json\/wp\/v2\/pages\/53301","targetHints":{"allow":["GET"]}}],"collection":[{"href":"https:\/\/www.gehgassi.com\/de\/wp-json\/wp\/v2\/pages"}],"about":[{"href":"https:\/\/www.gehgassi.com\/de\/wp-json\/wp\/v2\/types\/page"}],"author":[{"embeddable":true,"href":"https:\/\/www.gehgassi.com\/de\/wp-json\/wp\/v2\/users\/1"}],"replies":[{"embeddable":true,"href":"https:\/\/www.gehgassi.com\/de\/wp-json\/wp\/v2\/comments?post=53301"}],"version-history":[{"count":10,"href":"https:\/\/www.gehgassi.com\/de\/wp-json\/wp\/v2\/pages\/53301\/revisions"}],"predecessor-version":[{"id":53509,"href":"https:\/\/www.gehgassi.com\/de\/wp-json\/wp\/v2\/pages\/53301\/revisions\/53509"}],"wp:attachment":[{"href":"https:\/\/www.gehgassi.com\/de\/wp-json\/wp\/v2\/media?parent=53301"}],"curies":[{"name":"wp","href":"https:\/\/api.w.org\/{rel}","templated":true}]}}